{"id":9,"date":"2017-11-13T09:41:29","date_gmt":"2017-11-13T09:41:29","guid":{"rendered":"http:\/\/bestemorbusch.no\/?page_id=9"},"modified":"2023-10-26T00:34:04","modified_gmt":"2023-10-26T00:34:04","slug":"home","status":"publish","type":"page","link":"https:\/\/bestemorbusch.no\/","title":{"rendered":"Hjem"},"content":{"rendered":"\n<p><em>Bestemor Busch gj\u00f8r bestemorting.<\/em><\/p>\n\n\n\n<hr class=\"wp-block-separator has-alpha-channel-opacity\"\/>\n\n\n\n<p>Sorg e betalinga for \u00e5 ha f\u00e5tt lov til \u00e5 elsk!\u00a0<\/p>\n\n\n\n<p>Glede e \u00e5 husk at \u00e6 har elska!<\/p>\n\n\n\n<hr class=\"wp-block-separator has-alpha-channel-opacity\"\/>\n\n\n\n<p>Yesterday is history<\/p>\n\n\n\n<p>Tomorrow is a dream<\/p>\n\n\n\n<p>Today is all I have<\/p>\n\n\n\n<hr class=\"wp-block-separator has-alpha-channel-opacity\"\/>\n\n\n\n<p>G\u00e5rsdagen er historie<\/p>\n\n\n\n<p>Morgendagen er en dr\u00f8m<\/p>\n\n\n\n<p>I dag er alt jeg har<\/p>\n","protected":false},"excerpt":{"rendered":"<p>Bestemor Busch gj\u00f8r bestemorting. Sorg e betalinga for \u00e5 ha f\u00e5tt lov til \u00e5 elsk!\u00a0 Glede e \u00e5 husk at \u00e6 har elska! Yesterday is history Tomorrow is a dream Today is all I have G\u00e5rsdagen er historie Morgendagen er en dr\u00f8m I dag er alt jeg har<\/p>\n","protected":false},"author":2,"featured_media":50,"parent":0,"menu_order":0,"comment_status":"closed","ping_status":"closed","template":"","meta":{"footnotes":""},"class_list":["post-9","page","type-page","status-publish","has-post-thumbnail","hentry"],"_links":{"self":[{"href":"https:\/\/bestemorbusch.no\/index.php\/wp-json\/wp\/v2\/pages\/9","targetHints":{"allow":["GET"]}}],"collection":[{"href":"https:\/\/bestemorbusch.no\/index.php\/wp-json\/wp\/v2\/pages"}],"about":[{"href":"https:\/\/bestemorbusch.no\/index.php\/wp-json\/wp\/v2\/types\/page"}],"author":[{"embeddable":true,"href":"https:\/\/bestemorbusch.no\/index.php\/wp-json\/wp\/v2\/users\/2"}],"replies":[{"embeddable":true,"href":"https:\/\/bestemorbusch.no\/index.php\/wp-json\/wp\/v2\/comments?post=9"}],"version-history":[{"count":10,"href":"https:\/\/bestemorbusch.no\/index.php\/wp-json\/wp\/v2\/pages\/9\/revisions"}],"predecessor-version":[{"id":206,"href":"https:\/\/bestemorbusch.no\/index.php\/wp-json\/wp\/v2\/pages\/9\/revisions\/206"}],"wp:featuredmedia":[{"embeddable":true,"href":"https:\/\/bestemorbusch.no\/index.php\/wp-json\/wp\/v2\/media\/50"}],"wp:attachment":[{"href":"https:\/\/bestemorbusch.no\/index.php\/wp-json\/wp\/v2\/media?parent=9"}],"curies":[{"name":"wp","href":"https:\/\/api.w.org\/{rel}","templated":true}]}}