{"id":40,"date":"2023-07-31T17:00:30","date_gmt":"2023-07-31T17:00:30","guid":{"rendered":"https:\/\/bestemorbusch.no\/?page_id=40"},"modified":"2023-08-15T10:20:25","modified_gmt":"2023-08-15T10:20:25","slug":"mat","status":"publish","type":"page","link":"https:\/\/bestemorbusch.no\/index.php\/mat\/","title":{"rendered":"God mat"},"content":{"rendered":"<ul class=\"wp-block-latest-posts__list has-dates alignwide wp-block-latest-posts\"><li><div class=\"wp-block-latest-posts__featured-image alignleft\"><a href=\"https:\/\/bestemorbusch.no\/index.php\/2023\/10\/25\/smoothies\/\" aria-label=\"Smoothies\"><img loading=\"lazy\" decoding=\"async\" width=\"210\" height=\"240\" src=\"https:\/\/bestemorbusch.no\/wp-content\/uploads\/2025\/02\/images-5.jpeg\" class=\"attachment-medium size-medium wp-post-image\" alt=\"\" style=\"\" \/><\/a><\/div><a class=\"wp-block-latest-posts__post-title\" href=\"https:\/\/bestemorbusch.no\/index.php\/2023\/10\/25\/smoothies\/\">Smoothies<\/a><time datetime=\"2023-10-25T22:01:10+00:00\" class=\"wp-block-latest-posts__post-date\">25\/10\/2023<\/time><div class=\"wp-block-latest-posts__post-excerpt\">Smoothie best\u00e5r av frukt og\/eller gr\u00f8nnsaker som blendes i en god blender. Jeg bruker VitaMix, men det finnes sikkert andre gode blendere der ute. V\u00e6r forsiktig med harde gr\u00f8nnsaker, og pass p\u00e5 at de er delt opp i sm\u00e5 nok biter til din blender. Jeg har ofte \u00bd ts salt og \u00bd ts pepper i\u2026 <a class=\"wp-block-latest-posts__read-more\" href=\"https:\/\/bestemorbusch.no\/index.php\/2023\/10\/25\/smoothies\/\" rel=\"noopener noreferrer\">Read more<span class=\"screen-reader-text\">: Smoothies<\/span><\/a><\/div><\/li>\n<li><div class=\"wp-block-latest-posts__featured-image alignleft\"><a href=\"https:\/\/bestemorbusch.no\/index.php\/2023\/10\/25\/hverdagsmat\/\" aria-label=\"Hverdagsmat\"><img loading=\"lazy\" decoding=\"async\" width=\"300\" height=\"300\" src=\"https:\/\/bestemorbusch.no\/wp-content\/uploads\/2025\/02\/allegutta_gartner_0918_36817_kvadrat-300x300.jpg\" class=\"attachment-medium size-medium wp-post-image\" alt=\"\" style=\"\" srcset=\"https:\/\/bestemorbusch.no\/wp-content\/uploads\/2025\/02\/allegutta_gartner_0918_36817_kvadrat-300x300.jpg 300w, https:\/\/bestemorbusch.no\/wp-content\/uploads\/2025\/02\/allegutta_gartner_0918_36817_kvadrat-150x150.jpg 150w, https:\/\/bestemorbusch.no\/wp-content\/uploads\/2025\/02\/allegutta_gartner_0918_36817_kvadrat.jpg 606w\" sizes=\"auto, (max-width: 300px) 100vw, 300px\" \/><\/a><\/div><a class=\"wp-block-latest-posts__post-title\" href=\"https:\/\/bestemorbusch.no\/index.php\/2023\/10\/25\/hverdagsmat\/\">Hverdagsmat<\/a><time datetime=\"2023-10-25T21:18:09+00:00\" class=\"wp-block-latest-posts__post-date\">25\/10\/2023<\/time><div class=\"wp-block-latest-posts__post-excerpt\">Noen ganger er det godt \u00e5 bare sette maten i ovnen og la tida gj\u00f8re jobben. En slik kul ting \u00e5 lage, er gr\u00f8nnsakgryte. Kj\u00f8p inn en pose (eller to for en st\u00f8rre familie) med hele, blanda gr\u00f8nnsaker. Jeg ser at de fleste butikker har en eller annen form for slike poser. Det er gjerne\u2026 <a class=\"wp-block-latest-posts__read-more\" href=\"https:\/\/bestemorbusch.no\/index.php\/2023\/10\/25\/hverdagsmat\/\" rel=\"noopener noreferrer\">Read more<span class=\"screen-reader-text\">: Hverdagsmat<\/span><\/a><\/div><\/li>\n<li><div class=\"wp-block-latest-posts__featured-image alignleft\"><a href=\"https:\/\/bestemorbusch.no\/index.php\/2023\/08\/30\/sjokkoladekake\/\" aria-label=\"Sjok(k)oladekake\"><img loading=\"lazy\" decoding=\"async\" width=\"300\" height=\"169\" src=\"https:\/\/bestemorbusch.no\/wp-content\/uploads\/2023\/08\/365268.jpg-300x169.webp\" class=\"attachment-medium size-medium wp-post-image\" alt=\"\" style=\"\" srcset=\"https:\/\/bestemorbusch.no\/wp-content\/uploads\/2023\/08\/365268.jpg-300x169.webp 300w, https:\/\/bestemorbusch.no\/wp-content\/uploads\/2023\/08\/365268.jpg-1024x576.webp 1024w, https:\/\/bestemorbusch.no\/wp-content\/uploads\/2023\/08\/365268.jpg-768x432.webp 768w, https:\/\/bestemorbusch.no\/wp-content\/uploads\/2023\/08\/365268.jpg-1536x864.webp 1536w, https:\/\/bestemorbusch.no\/wp-content\/uploads\/2023\/08\/365268.jpg-2048x1152.webp 2048w\" sizes=\"auto, (max-width: 300px) 100vw, 300px\" \/><\/a><\/div><a class=\"wp-block-latest-posts__post-title\" href=\"https:\/\/bestemorbusch.no\/index.php\/2023\/08\/30\/sjokkoladekake\/\">Sjok(k)oladekake<\/a><time datetime=\"2023-08-30T11:25:57+00:00\" class=\"wp-block-latest-posts__post-date\">30\/08\/2023<\/time><div class=\"wp-block-latest-posts__post-excerpt\">N\u00e5r det skal v\u00e6re fest, og jeg skal bake en kake, s\u00e5 har jeg et sikkerstikk: min gluten- og laktosefrie sjokoladekake. Jeg kaller den Sjok(k)oladekake fordi den kommer som et sjokk. Den er nydelig og mektig, s\u00e5 skj\u00e6r sm\u00e5 stykka. Den ene personen som kanskje klarer to stykker, kan godt f\u00e5 et stykke til.. \ud83d\ude09\u2026 <a class=\"wp-block-latest-posts__read-more\" href=\"https:\/\/bestemorbusch.no\/index.php\/2023\/08\/30\/sjokkoladekake\/\" rel=\"noopener noreferrer\">Read more<span class=\"screen-reader-text\">: Sjok(k)oladekake<\/span><\/a><\/div><\/li>\n<\/ul>","protected":false},"excerpt":{"rendered":"","protected":false},"author":2,"featured_media":0,"parent":0,"menu_order":0,"comment_status":"closed","ping_status":"closed","template":"","meta":{"footnotes":""},"class_list":["post-40","page","type-page","status-publish","hentry"],"_links":{"self":[{"href":"https:\/\/bestemorbusch.no\/index.php\/wp-json\/wp\/v2\/pages\/40","targetHints":{"allow":["GET"]}}],"collection":[{"href":"https:\/\/bestemorbusch.no\/index.php\/wp-json\/wp\/v2\/pages"}],"about":[{"href":"https:\/\/bestemorbusch.no\/index.php\/wp-json\/wp\/v2\/types\/page"}],"author":[{"embeddable":true,"href":"https:\/\/bestemorbusch.no\/index.php\/wp-json\/wp\/v2\/users\/2"}],"replies":[{"embeddable":true,"href":"https:\/\/bestemorbusch.no\/index.php\/wp-json\/wp\/v2\/comments?post=40"}],"version-history":[{"count":5,"href":"https:\/\/bestemorbusch.no\/index.php\/wp-json\/wp\/v2\/pages\/40\/revisions"}],"predecessor-version":[{"id":152,"href":"https:\/\/bestemorbusch.no\/index.php\/wp-json\/wp\/v2\/pages\/40\/revisions\/152"}],"wp:attachment":[{"href":"https:\/\/bestemorbusch.no\/index.php\/wp-json\/wp\/v2\/media?parent=40"}],"curies":[{"name":"wp","href":"https:\/\/api.w.org\/{rel}","templated":true}]}}