{"id":39,"date":"2023-07-31T17:00:30","date_gmt":"2023-07-31T17:00:30","guid":{"rendered":"https:\/\/bestemorbusch.no\/?page_id=39"},"modified":"2023-08-15T10:21:01","modified_gmt":"2023-08-15T10:21:01","slug":"strikk","status":"publish","type":"page","link":"https:\/\/bestemorbusch.no\/index.php\/strikk\/","title":{"rendered":"Kul strikk"},"content":{"rendered":"<ul class=\"wp-block-latest-posts__list has-dates alignwide wp-block-latest-posts\"><li><div class=\"wp-block-latest-posts__featured-image alignleft\"><a href=\"https:\/\/bestemorbusch.no\/index.php\/2025\/02\/20\/dagen-derpa\/\" aria-label=\"Dagen derp\u00e5\"><img loading=\"lazy\" decoding=\"async\" width=\"300\" height=\"273\" src=\"https:\/\/bestemorbusch.no\/wp-content\/uploads\/2025\/02\/IMG_4952-scaled-e1740041861908-300x273.jpg\" class=\"attachment-medium size-medium wp-post-image\" alt=\"\" style=\"\" srcset=\"https:\/\/bestemorbusch.no\/wp-content\/uploads\/2025\/02\/IMG_4952-scaled-e1740041861908-300x273.jpg 300w, https:\/\/bestemorbusch.no\/wp-content\/uploads\/2025\/02\/IMG_4952-scaled-e1740041861908-1024x932.jpg 1024w, https:\/\/bestemorbusch.no\/wp-content\/uploads\/2025\/02\/IMG_4952-scaled-e1740041861908-768x699.jpg 768w, https:\/\/bestemorbusch.no\/wp-content\/uploads\/2025\/02\/IMG_4952-scaled-e1740041861908-1536x1397.jpg 1536w, https:\/\/bestemorbusch.no\/wp-content\/uploads\/2025\/02\/IMG_4952-scaled-e1740041861908.jpg 1707w\" sizes=\"auto, (max-width: 300px) 100vw, 300px\" \/><\/a><\/div><a class=\"wp-block-latest-posts__post-title\" href=\"https:\/\/bestemorbusch.no\/index.php\/2025\/02\/20\/dagen-derpa\/\">Dagen derp\u00e5<\/a><time datetime=\"2025-02-20T09:22:06+00:00\" class=\"wp-block-latest-posts__post-date\">20\/02\/2025<\/time><div class=\"wp-block-latest-posts__post-excerpt\">Jeg fortsatt mett etter middagen i g\u00e5r. Jeg klarte ikke \u00e5 komme meg opp tidlig nok til tur i dag, og gidder ikke tenke p\u00e5 \u00e5 g\u00e5 ned til frokost. Magen er full! Men det var god mat! En rolig morgen hvor jeg har ryddet bort de t\u00f8rre kl\u00e6rne, reid opp senga, vaska koppa med\u2026 <a class=\"wp-block-latest-posts__read-more\" href=\"https:\/\/bestemorbusch.no\/index.php\/2025\/02\/20\/dagen-derpa\/\" rel=\"noopener noreferrer\">Read more<span class=\"screen-reader-text\">: Dagen derp\u00e5<\/span><\/a><\/div><\/li>\n<li><div class=\"wp-block-latest-posts__featured-image alignleft\"><a href=\"https:\/\/bestemorbusch.no\/index.php\/2023\/10\/25\/genser\/\" aria-label=\"Genser\"><img loading=\"lazy\" decoding=\"async\" width=\"262\" height=\"300\" src=\"https:\/\/bestemorbusch.no\/wp-content\/uploads\/2023\/10\/Moldegenser-262x300.jpg\" class=\"attachment-medium size-medium wp-post-image\" alt=\"\" style=\"\" srcset=\"https:\/\/bestemorbusch.no\/wp-content\/uploads\/2023\/10\/Moldegenser-262x300.jpg 262w, https:\/\/bestemorbusch.no\/wp-content\/uploads\/2023\/10\/Moldegenser-894x1024.jpg 894w, https:\/\/bestemorbusch.no\/wp-content\/uploads\/2023\/10\/Moldegenser-768x880.jpg 768w, https:\/\/bestemorbusch.no\/wp-content\/uploads\/2023\/10\/Moldegenser-1341x1536.jpg 1341w, https:\/\/bestemorbusch.no\/wp-content\/uploads\/2023\/10\/Moldegenser-1788x2048.jpg 1788w\" sizes=\"auto, (max-width: 262px) 100vw, 262px\" \/><\/a><\/div><a class=\"wp-block-latest-posts__post-title\" href=\"https:\/\/bestemorbusch.no\/index.php\/2023\/10\/25\/genser\/\">Genser<\/a><time datetime=\"2023-10-25T20:41:50+00:00\" class=\"wp-block-latest-posts__post-date\">25\/10\/2023<\/time><div class=\"wp-block-latest-posts__post-excerpt\">Noen ganger strikker man for \u00e5 glede andre, og dette er en slik gang. I sommer kom mitt barnebarn Max Andr\u00e9 og fortalte meg at han er Molde-fan. Han var veldig glad for et Molde-skjerf han hadde f\u00e5tt av Farmor og Farfar. Jeg ba om \u00e5 f\u00e5 se bilde av det kule skjerfet, og n\u00e5\u2026 <a class=\"wp-block-latest-posts__read-more\" href=\"https:\/\/bestemorbusch.no\/index.php\/2023\/10\/25\/genser\/\" rel=\"noopener noreferrer\">Read more<span class=\"screen-reader-text\">: Genser<\/span><\/a><\/div><\/li>\n<li><div class=\"wp-block-latest-posts__featured-image alignleft\"><a href=\"https:\/\/bestemorbusch.no\/index.php\/2023\/08\/05\/ny-bodo-glimt-genser\/\" aria-label=\"Ny, nyere, nyest Bod\u00f8\/Glimt-genser\"><img loading=\"lazy\" decoding=\"async\" width=\"300\" height=\"300\" src=\"https:\/\/bestemorbusch.no\/wp-content\/uploads\/2023\/08\/IMG_8476-300x300.jpg\" class=\"attachment-medium size-medium wp-post-image\" alt=\"\" style=\"\" srcset=\"https:\/\/bestemorbusch.no\/wp-content\/uploads\/2023\/08\/IMG_8476-300x300.jpg 300w, https:\/\/bestemorbusch.no\/wp-content\/uploads\/2023\/08\/IMG_8476-1021x1024.jpg 1021w, https:\/\/bestemorbusch.no\/wp-content\/uploads\/2023\/08\/IMG_8476-150x150.jpg 150w, https:\/\/bestemorbusch.no\/wp-content\/uploads\/2023\/08\/IMG_8476-768x770.jpg 768w\" sizes=\"auto, (max-width: 300px) 100vw, 300px\" \/><\/a><\/div><a class=\"wp-block-latest-posts__post-title\" href=\"https:\/\/bestemorbusch.no\/index.php\/2023\/08\/05\/ny-bodo-glimt-genser\/\">Ny, nyere, nyest Bod\u00f8\/Glimt-genser<\/a><time datetime=\"2023-08-05T15:59:02+00:00\" class=\"wp-block-latest-posts__post-date\">05\/08\/2023<\/time><div class=\"wp-block-latest-posts__post-excerpt\">I v\u00e5r\/tidlig sommer -23 strikka \u00e6 m\u00e6 en ganske kul Bod\u00f8\/Glimt-genser. \u00c6 va ikke helt forn\u00f8yd med logoen \u00e6 laga for \u00e5 strikk inn i genseren: den blei for enkel og for kantat. Siden da har \u00e6 fors\u00f8kt \u00e5 lag ny logo, men det e ikke helt enkelt \u00e5 f\u00e5 en firkant til \u00e5 bli\u2026 <a class=\"wp-block-latest-posts__read-more\" href=\"https:\/\/bestemorbusch.no\/index.php\/2023\/08\/05\/ny-bodo-glimt-genser\/\" rel=\"noopener noreferrer\">Read more<span class=\"screen-reader-text\">: Ny, nyere, nyest Bod\u00f8\/Glimt-genser<\/span><\/a><\/div><\/li>\n<li><div class=\"wp-block-latest-posts__featured-image alignleft\"><a href=\"https:\/\/bestemorbusch.no\/index.php\/2023\/07\/31\/bodo-glimt-genser\/\" aria-label=\"Bod\u00f8\/Glimt-sokka &#8220;Putte&#8221;\"><img loading=\"lazy\" decoding=\"async\" width=\"225\" height=\"300\" src=\"https:\/\/bestemorbusch.no\/wp-content\/uploads\/2023\/07\/photo_2023-07-31_19-03-42-225x300.jpg\" class=\"attachment-medium size-medium wp-post-image\" alt=\"\" style=\"\" srcset=\"https:\/\/bestemorbusch.no\/wp-content\/uploads\/2023\/07\/photo_2023-07-31_19-03-42-225x300.jpg 225w, https:\/\/bestemorbusch.no\/wp-content\/uploads\/2023\/07\/photo_2023-07-31_19-03-42-768x1024.jpg 768w, https:\/\/bestemorbusch.no\/wp-content\/uploads\/2023\/07\/photo_2023-07-31_19-03-42.jpg 960w\" sizes=\"auto, (max-width: 225px) 100vw, 225px\" \/><\/a><\/div><a class=\"wp-block-latest-posts__post-title\" href=\"https:\/\/bestemorbusch.no\/index.php\/2023\/07\/31\/bodo-glimt-genser\/\">Bod\u00f8\/Glimt-sokka &#8220;Putte&#8221;<\/a><time datetime=\"2023-07-31T17:06:21+00:00\" class=\"wp-block-latest-posts__post-date\">31\/07\/2023<\/time><div class=\"wp-block-latest-posts__post-excerpt\">Her er oppskriften p\u00e5 mine kule Putte-sokka. Legg opp 64 maska p\u00e5 pinna 3,5 i et gult garn som passe til di pinnan. Strikk to rett og to vrang i 11 omganga med gult, to med svart, tre med gult, to med svart, tre med gult og to med svart. S\u00e5 strikke du 22 omganga\u2026 <a class=\"wp-block-latest-posts__read-more\" href=\"https:\/\/bestemorbusch.no\/index.php\/2023\/07\/31\/bodo-glimt-genser\/\" rel=\"noopener noreferrer\">Read more<span class=\"screen-reader-text\">: Bod\u00f8\/Glimt-sokka &#8220;Putte&#8221;<\/span><\/a><\/div><\/li>\n<\/ul>","protected":false},"excerpt":{"rendered":"","protected":false},"author":2,"featured_media":0,"parent":0,"menu_order":0,"comment_status":"closed","ping_status":"closed","template":"","meta":{"footnotes":""},"class_list":["post-39","page","type-page","status-publish","hentry"],"_links":{"self":[{"href":"https:\/\/bestemorbusch.no\/index.php\/wp-json\/wp\/v2\/pages\/39","targetHints":{"allow":["GET"]}}],"collection":[{"href":"https:\/\/bestemorbusch.no\/index.php\/wp-json\/wp\/v2\/pages"}],"about":[{"href":"https:\/\/bestemorbusch.no\/index.php\/wp-json\/wp\/v2\/types\/page"}],"author":[{"embeddable":true,"href":"https:\/\/bestemorbusch.no\/index.php\/wp-json\/wp\/v2\/users\/2"}],"replies":[{"embeddable":true,"href":"https:\/\/bestemorbusch.no\/index.php\/wp-json\/wp\/v2\/comments?post=39"}],"version-history":[{"count":4,"href":"https:\/\/bestemorbusch.no\/index.php\/wp-json\/wp\/v2\/pages\/39\/revisions"}],"predecessor-version":[{"id":130,"href":"https:\/\/bestemorbusch.no\/index.php\/wp-json\/wp\/v2\/pages\/39\/revisions\/130"}],"wp:attachment":[{"href":"https:\/\/bestemorbusch.no\/index.php\/wp-json\/wp\/v2\/media?parent=39"}],"curies":[{"name":"wp","href":"https:\/\/api.w.org\/{rel}","templated":true}]}}