{"id":110,"date":"2023-08-15T09:59:22","date_gmt":"2023-08-15T09:59:22","guid":{"rendered":"https:\/\/bestemorbusch.no\/?page_id=110"},"modified":"2023-08-15T10:20:49","modified_gmt":"2023-08-15T10:20:49","slug":"klare-selv","status":"publish","type":"page","link":"https:\/\/bestemorbusch.no\/index.php\/klare-selv\/","title":{"rendered":"Klare selv"},"content":{"rendered":"<ul class=\"wp-block-latest-posts__list has-dates alignwide wp-block-latest-posts\"><li><div class=\"wp-block-latest-posts__featured-image alignleft\"><a href=\"https:\/\/bestemorbusch.no\/index.php\/2023\/08\/30\/mer-klare-selv\/\" aria-label=\"Mer klare selv\"><img loading=\"lazy\" decoding=\"async\" width=\"225\" height=\"225\" src=\"https:\/\/bestemorbusch.no\/wp-content\/uploads\/2025\/02\/images-4.jpeg\" class=\"attachment-medium size-medium wp-post-image\" alt=\"\" style=\"\" srcset=\"https:\/\/bestemorbusch.no\/wp-content\/uploads\/2025\/02\/images-4.jpeg 225w, https:\/\/bestemorbusch.no\/wp-content\/uploads\/2025\/02\/images-4-150x150.jpeg 150w\" sizes=\"auto, (max-width: 225px) 100vw, 225px\" \/><\/a><\/div><a class=\"wp-block-latest-posts__post-title\" href=\"https:\/\/bestemorbusch.no\/index.php\/2023\/08\/30\/mer-klare-selv\/\">Mer klare selv<\/a><time datetime=\"2023-08-30T11:40:28+00:00\" class=\"wp-block-latest-posts__post-date\">30\/08\/2023<\/time><div class=\"wp-block-latest-posts__post-excerpt\">Av ting som M\u00c5 gj\u00f8res, var en oppdatering av postkassa mi. Den var svart, hadde flere navn og andre klistremerker p\u00e5 som ikke var mine. Som vanlig har jeg glemt \u00e5 ta f\u00f8r-bilde, s\u00e5 kun etter-bilde finnes. Jeg var \u00e5 handlet til en liten platting jeg har laget, og s\u00e5 at de hadde farge p\u00e5\u2026 <a class=\"wp-block-latest-posts__read-more\" href=\"https:\/\/bestemorbusch.no\/index.php\/2023\/08\/30\/mer-klare-selv\/\" rel=\"noopener noreferrer\">Read more<span class=\"screen-reader-text\">: Mer klare selv<\/span><\/a><\/div><\/li>\n<li><div class=\"wp-block-latest-posts__featured-image alignleft\"><a href=\"https:\/\/bestemorbusch.no\/index.php\/2023\/08\/15\/diy-eller-gjor-det-selv\/\" aria-label=\"DIY (eller gj\u00f8r-det-selv)\"><img loading=\"lazy\" decoding=\"async\" width=\"300\" height=\"96\" src=\"https:\/\/bestemorbusch.no\/wp-content\/uploads\/2023\/08\/IMG_8535_3-300x96.jpg\" class=\"attachment-medium size-medium wp-post-image\" alt=\"\" style=\"\" srcset=\"https:\/\/bestemorbusch.no\/wp-content\/uploads\/2023\/08\/IMG_8535_3-300x96.jpg 300w, https:\/\/bestemorbusch.no\/wp-content\/uploads\/2023\/08\/IMG_8535_3-1024x327.jpg 1024w, https:\/\/bestemorbusch.no\/wp-content\/uploads\/2023\/08\/IMG_8535_3-768x245.jpg 768w, https:\/\/bestemorbusch.no\/wp-content\/uploads\/2023\/08\/IMG_8535_3-1536x490.jpg 1536w, https:\/\/bestemorbusch.no\/wp-content\/uploads\/2023\/08\/IMG_8535_3-2048x654.jpg 2048w\" sizes=\"auto, (max-width: 300px) 100vw, 300px\" \/><\/a><\/div><a class=\"wp-block-latest-posts__post-title\" href=\"https:\/\/bestemorbusch.no\/index.php\/2023\/08\/15\/diy-eller-gjor-det-selv\/\">DIY (eller gj\u00f8r-det-selv)<\/a><time datetime=\"2023-08-15T09:58:10+00:00\" class=\"wp-block-latest-posts__post-date\">15\/08\/2023<\/time><div class=\"wp-block-latest-posts__post-excerpt\">Da den gamle knagg-rekka p\u00e5 badet ble m\u00f8rk av mugg, var det p\u00e5 tide \u00e5 bli kreativ. Bildet jeg bruker her er lastet ned fra nettet, da jeg glemte \u00e5 ta bilde av den muggne, gamle knagg-rekka. Jeg hadde st\u00e5ende litt nesten-svart maling fra da jeg malte soveromsd\u00f8ra, og stakk innom Clas Ohlson og kj\u00f8pte\u2026 <a class=\"wp-block-latest-posts__read-more\" href=\"https:\/\/bestemorbusch.no\/index.php\/2023\/08\/15\/diy-eller-gjor-det-selv\/\" rel=\"noopener noreferrer\">Read more<span class=\"screen-reader-text\">: DIY (eller gj\u00f8r-det-selv)<\/span><\/a><\/div><\/li>\n<\/ul>","protected":false},"excerpt":{"rendered":"","protected":false},"author":2,"featured_media":0,"parent":0,"menu_order":0,"comment_status":"closed","ping_status":"closed","template":"","meta":{"footnotes":""},"class_list":["post-110","page","type-page","status-publish","hentry"],"_links":{"self":[{"href":"https:\/\/bestemorbusch.no\/index.php\/wp-json\/wp\/v2\/pages\/110","targetHints":{"allow":["GET"]}}],"collection":[{"href":"https:\/\/bestemorbusch.no\/index.php\/wp-json\/wp\/v2\/pages"}],"about":[{"href":"https:\/\/bestemorbusch.no\/index.php\/wp-json\/wp\/v2\/types\/page"}],"author":[{"embeddable":true,"href":"https:\/\/bestemorbusch.no\/index.php\/wp-json\/wp\/v2\/users\/2"}],"replies":[{"embeddable":true,"href":"https:\/\/bestemorbusch.no\/index.php\/wp-json\/wp\/v2\/comments?post=110"}],"version-history":[{"count":7,"href":"https:\/\/bestemorbusch.no\/index.php\/wp-json\/wp\/v2\/pages\/110\/revisions"}],"predecessor-version":[{"id":129,"href":"https:\/\/bestemorbusch.no\/index.php\/wp-json\/wp\/v2\/pages\/110\/revisions\/129"}],"wp:attachment":[{"href":"https:\/\/bestemorbusch.no\/index.php\/wp-json\/wp\/v2\/media?parent=110"}],"curies":[{"name":"wp","href":"https:\/\/api.w.org\/{rel}","templated":true}]}}